{"id":150,"date":"2014-09-04T17:08:42","date_gmt":"2014-09-04T15:08:42","guid":{"rendered":"http:\/\/www.repair-cafe-gauting.de\/?page_id=150"},"modified":"2020-01-03T21:27:06","modified_gmt":"2020-01-03T20:27:06","slug":"links","status":"publish","type":"page","link":"https:\/\/www.repair-cafe-gauting.de\/?page_id=150","title":{"rendered":"Links"},"content":{"rendered":"<h5><a href=\"http:\/\/www.repair-cafe-gauting.de\/wp-content\/uploads\/2014\/09\/RC-LogoButton2.png\"><img loading=\"lazy\" decoding=\"async\" class=\"alignright wp-image-92\" src=\"http:\/\/www.repair-cafe-gauting.de\/wp-content\/uploads\/2014\/09\/RC-LogoButton2-150x150.png\" alt=\"RC-LogoButton\" width=\"86\" height=\"86\" srcset=\"https:\/\/www.repair-cafe-gauting.de\/wp-content\/uploads\/2014\/09\/RC-LogoButton2-150x150.png 150w, https:\/\/www.repair-cafe-gauting.de\/wp-content\/uploads\/2014\/09\/RC-LogoButton2.png 234w\" sizes=\"auto, (max-width: 86px) 100vw, 86px\" \/><\/a>hier geht es zu Reparaturtipps und zu unseren Nachbar-Repair-Caf\u00e9s:<\/h5>\n<p>&nbsp;<\/p>\n<ul>\n<li>ifixit Reparaturanleitungen: <a href=\"https:\/\/de.ifixit.com\/\">https:\/\/de.ifixit.com\/<\/a><\/li>\n<li><strong>Fehlersuche<\/strong>: <a href=\"https:\/\/www.sos-zubehoer.de\/unsere-diagnosen.html\">https:\/\/www.sos-zubehoer.de\/unsere-diagnosen.html<\/a><\/li>\n<li><strong>SOS-Zubeh\u00f6r: <\/strong><a href=\"https:\/\/www.sos-zubehoer.de\/repaircafede.html\">https:\/\/www.sos-zubehoer.de\/repaircafede.html<\/a><\/li>\n<li><strong>Stichting:<\/strong> <a href=\"http:\/\/repaircafe.org\/de\/\">http:\/\/repaircafe.org\/de\/<\/a><\/li>\n<li><strong>Koordinierungsstelle<\/strong> Deutschland: <a href=\"http:\/\/anstiftung-ertomis.de\/\">http:\/\/anstiftung-ertomis.de\/<\/a><\/li>\n<li><strong>Netzwerk Reparatur-Initiativen<\/strong> <a href=\"http:\/\/anstiftung.de\/selbermachen\/reparatur-initiativen\">http:\/\/anstiftung.de\/selbermachen\/reparatur-initiativen<\/a><\/li>\n<li><strong>Germering<\/strong>: <a href=\"http:\/\/germering.feg.de\/RepairCafe\/\">http:\/\/germering.feg.de\/RepairCafe\/<\/a><\/li>\n<li><strong>Hersching<\/strong>: <a href=\"http:\/\/www.herrschinger-insel.de\/index.php\/Start\/Repair+Caf%E9\/\">http:\/\/www.herrschinger-insel.de\/index.php\/Start\/Repair+Caf%E9\/<\/a><\/li>\n<li><strong>Starnberg:<\/strong> <a href=\"http:\/\/www.energiewende-sta.de\/tag\/repair-cafe\/\">http:\/\/www.energiewende-sta.de\/tag\/repair-cafe\/<\/a><\/li>\n<li><strong>M\u00fcnchen W\u00f6rthstra\u00dfe:<\/strong> <a href=\"http:\/\/www.hei-muenchen.de\/wie-kann-ich-es-nutzen\/aktionen-und-offene-gruppen\/repair-caf\">http:\/\/www.hei-muenchen.de\/wie-kann-ich-es-nutzen\/aktionen-und-offene-gruppen\/repair-caf<\/a><\/li>\n<li><strong>M\u00fcnchen Haidhausen:<\/strong> <a href=\"http:\/\/www.werkbox3.de\/\">http:\/\/www.werkbox3.de\/<\/a><\/li>\n<li><strong>\u00d6ko &amp; Fair<\/strong> Umweltzentrum Gauting: <a href=\"http:\/\/www.oeko-und-fair.de\/?page_id=770\">http:\/\/www.oeko-und-fair.de\/?page_id=770<\/a><\/li>\n<\/ul>\n<p><a href=\"http:\/\/www.oeko-und-fair.de\" data-rich-text-format-boundary=\"true\"><span style=\"color: #ffffff;\"><span style=\"color: #003366;\"><span style=\"color: #ffffff;\">http:\/\/www.oeko-und-fair.de<\/span><\/span><\/span><\/a><\/p>\n<p><span style=\"color: #ffffff;\"><a style=\"color: #ffffff;\" href=\"http:\/\/catering.oeko-und-fair.de\">http:\/\/catering.oeko-und-fair.de<\/a><\/span><\/p>\n<p><span style=\"color: #ffffff;\"><a style=\"color: #ffffff;\" href=\"http:\/\/reisen.oeko-und-fair.de\">http:\/\/reisen.oeko-und-fair.de<\/a><\/span><\/p>\n<p><span style=\"color: #ffffff;\"><a style=\"color: #ffffff;\" href=\"http:\/\/verantwortung.oeko-und-fair.de\">http:\/\/verantwortung.oeko-und-fair.de<\/a><\/span><\/p>\n<p><span style=\"color: #ffffff;\"><a style=\"color: #ffffff;\" href=\"http:\/\/geotags.oeko-und-fair.de\">http:\/\/geotags.oeko-und-fair.de<\/a><\/span><\/p>\n<p><span style=\"color: #ffffff;\"><a style=\"color: #ffffff;\" href=\"http:\/\/imkerei.oeko-und-fair.de\">http:\/\/imkerei.oeko-und-fair.de <\/a><\/span><\/p>\n<p><span style=\"color: #ffffff;\"><a style=\"color: #ffffff;\" href=\"http:\/\/riace.oeko-und-fair.de\">http:\/\/riace.oeko-und-fair.d<\/a><a style=\"color: #ffffff;\" href=\"http:\/\/zivilcourage-starnberg.bayern\">e<\/a><\/span><\/p>\n<p><span style=\"color: #ffffff;\"><a style=\"color: #ffffff;\" href=\"http:\/\/unverpackt.oeko-und-fair.de\">http:\/\/unverpackt.oeko-und-fair.de<\/a><\/span><\/p>\n<p><span style=\"color: #ffffff;\"><a style=\"color: #ffffff;\" href=\"http:\/\/fsff.oeko-und-fair.de\">http:\/\/fsff.oeko-und-fair.de<\/a><\/span><\/p>\n<p><span style=\"color: #ffffff;\"><a style=\"color: #ffffff;\" href=\"http:\/\/www.repair-cafe-gauting.de\">www.repair-cafe-gauting.de<\/a><\/span><\/p>\n<p><span style=\"color: #ffffff;\"><a style=\"color: #ffffff;\" href=\"http:\/\/www.buergerbahnhof-gauting.de\">www.buergerbahnhof-gauting.de<\/a><\/span><\/p>\n<p><span style=\"color: #ffffff;\"><a style=\"color: #ffffff;\" href=\"http:\/\/www.stopptgennahrungsmittel.de\">www.stopptgennahrungsmittel.de<\/a><\/span><\/p>\n<p><span style=\"color: #ffffff;\"><a style=\"color: #ffffff;\" href=\"http:\/\/zivilcourage-starnberg.bayern\">http:\/\/zivilcourage-starnberg.bayern<\/a><\/span><\/p>\n<p>&nbsp;<\/p>\n","protected":false},"excerpt":{"rendered":"<p>hier geht es zu Reparaturtipps und zu unseren Nachbar-Repair-Caf\u00e9s: &nbsp; ifixit Reparaturanleitungen: https:\/\/de.ifixit.com\/ Fehlersuche: https:\/\/www.sos-zubehoer.de\/unsere-diagnosen.html SOS-Zubeh\u00f6r: https:\/\/www.sos-zubehoer.de\/repaircafede.html Stichting: http:\/\/repaircafe.org\/de\/ Koordinierungsstelle Deutschland: http:\/\/anstiftung-ertomis.de\/ Netzwerk Reparatur-Initiativen http:\/\/anstiftung.de\/selbermachen\/reparatur-initiativen Germering: http:\/\/germering.feg.de\/RepairCafe\/ Hersching: http:\/\/www.herrschinger-insel.de\/index.php\/Start\/Repair+Caf%E9\/ Starnberg: http:\/\/www.energiewende-sta.de\/tag\/repair-cafe\/ M\u00fcnchen W\u00f6rthstra\u00dfe: http:\/\/www.hei-muenchen.de\/wie-kann-ich-es-nutzen\/aktionen-und-offene-gruppen\/repair-caf M\u00fcnchen Haidhausen: http:\/\/www.werkbox3.de\/ \u00d6ko &amp; Fair Umweltzentrum Gauting: http:\/\/www.oeko-und-fair.de\/?page_id=770 http:\/\/www.oeko-und-fair.de http:\/\/catering.oeko-und-fair.de http:\/\/reisen.oeko-und-fair.de http:\/\/verantwortung.oeko-und-fair.de http:\/\/geotags.oeko-und-fair.de http:\/\/imkerei.oeko-und-fair.de http:\/\/riace.oeko-und-fair.de http:\/\/unverpackt.oeko-und-fair.de http:\/\/fsff.oeko-und-fair.de www.repair-cafe-gauting.de www.buergerbahnhof-gauting.de www.stopptgennahrungsmittel.de http:\/\/zivilcourage-starnberg.bayern &nbsp;<\/p>\n","protected":false},"author":1,"featured_media":0,"parent":0,"menu_order":0,"comment_status":"closed","ping_status":"closed","template":"","meta":{"footnotes":""},"class_list":["post-150","page","type-page","status-publish","hentry"],"blog_post_layout_featured_media_urls":{"thumbnail":"","full":""},"categories_names":null,"comments_number":"0","_links":{"self":[{"href":"https:\/\/www.repair-cafe-gauting.de\/index.php?rest_route=\/wp\/v2\/pages\/150","targetHints":{"allow":["GET"]}}],"collection":[{"href":"https:\/\/www.repair-cafe-gauting.de\/index.php?rest_route=\/wp\/v2\/pages"}],"about":[{"href":"https:\/\/www.repair-cafe-gauting.de\/index.php?rest_route=\/wp\/v2\/types\/page"}],"author":[{"embeddable":true,"href":"https:\/\/www.repair-cafe-gauting.de\/index.php?rest_route=\/wp\/v2\/users\/1"}],"replies":[{"embeddable":true,"href":"https:\/\/www.repair-cafe-gauting.de\/index.php?rest_route=%2Fwp%2Fv2%2Fcomments&post=150"}],"version-history":[{"count":24,"href":"https:\/\/www.repair-cafe-gauting.de\/index.php?rest_route=\/wp\/v2\/pages\/150\/revisions"}],"predecessor-version":[{"id":1434,"href":"https:\/\/www.repair-cafe-gauting.de\/index.php?rest_route=\/wp\/v2\/pages\/150\/revisions\/1434"}],"wp:attachment":[{"href":"https:\/\/www.repair-cafe-gauting.de\/index.php?rest_route=%2Fwp%2Fv2%2Fmedia&parent=150"}],"curies":[{"name":"wp","href":"https:\/\/api.w.org\/{rel}","templated":true}]}}