{"id":1540,"date":"2021-02-19T14:51:48","date_gmt":"2021-02-19T13:51:48","guid":{"rendered":"http:\/\/www.repair-cafe-gauting.de\/?page_id=1540"},"modified":"2022-05-11T15:38:32","modified_gmt":"2022-05-11T13:38:32","slug":"pc-hilfe-fuer-senioren","status":"publish","type":"page","link":"https:\/\/www.repair-cafe-gauting.de\/?page_id=1540","title":{"rendered":"PC-Hilfe f\u00fcr Senior*innen"},"content":{"rendered":"\n<p class=\"has-black-color has-white-background-color has-text-color has-background\">Die beiden <em><strong>Repair-Caf\u00e9s in Gauting und Gr\u00e4felfing<\/strong> <\/em>haben sich zusammengeschlossen und bieten Senior*innen einen ehrenamtlichen und kostenlosen Service zur Unterst\u00fctzung im Umgang mit defekten PCs, Laptops, Tablets, Smartphones und Telefonanlagen und der dazugeh\u00f6rigen Software.<\/p>\n\n\n\n<p class=\"has-text-align-left has-black-color has-white-background-color has-text-color has-background\">Die ehrenamtlichen Helfer*innen k\u00fcmmern sich um akute F\u00e4lle von Reparaturen, Installationen und Fehlerbehebung an Betriebssystemen, Hard- und Software.<br>Email: <a rel=\"noreferrer noopener\" href=\"mailto:pc-hilfe@repair-cafe-gauting.de\" target=\"_blank\">pc-hilfe@repair-cafe-gauting.de<\/a> und Tel. 089 \/ 89 311 054<\/p>\n\n\n\n<p>Unsere Spezialist*innen versuchen zun\u00e4chst \u00fcber Fernwartung die Probleme zu l\u00f6sen. Wenn das nicht m\u00f6glich ist, dann m\u00fcssen defekte Ger\u00e4te zum richtigen Repair Caf\u00e9 am 3. Samstag im Monat zwischen 14-17 Uhr gebracht werden. Notfalls k\u00f6nnen die Fachleute nach Vereinbarung auch ins Haus kommen.<\/p>\n\n\n\n<p><strong>Lesen Sie hier, wie das alles funktioniert:<\/strong><\/p>\n\n\n\n<figure class=\"wp-block-image\"><a href=\"http:\/\/www.repair-cafe-gauting.de\/wp-content\/uploads\/2021\/02\/Merkblatt-fuer-PC-Hilfe.pdf\"><img loading=\"lazy\" decoding=\"async\" width=\"1241\" height=\"1754\" src=\"http:\/\/www.repair-cafe-gauting.de\/wp-content\/uploads\/2021\/02\/Merkblatt-fuer-PC-Hilfe.jpg\" alt=\"\" class=\"wp-image-1541\" srcset=\"https:\/\/www.repair-cafe-gauting.de\/wp-content\/uploads\/2021\/02\/Merkblatt-fuer-PC-Hilfe.jpg 1241w, https:\/\/www.repair-cafe-gauting.de\/wp-content\/uploads\/2021\/02\/Merkblatt-fuer-PC-Hilfe-212x300.jpg 212w, https:\/\/www.repair-cafe-gauting.de\/wp-content\/uploads\/2021\/02\/Merkblatt-fuer-PC-Hilfe-725x1024.jpg 725w, https:\/\/www.repair-cafe-gauting.de\/wp-content\/uploads\/2021\/02\/Merkblatt-fuer-PC-Hilfe-768x1085.jpg 768w, https:\/\/www.repair-cafe-gauting.de\/wp-content\/uploads\/2021\/02\/Merkblatt-fuer-PC-Hilfe-1087x1536.jpg 1087w, https:\/\/www.repair-cafe-gauting.de\/wp-content\/uploads\/2021\/02\/Merkblatt-fuer-PC-Hilfe-250x353.jpg 250w\" sizes=\"auto, (max-width: 1241px) 100vw, 1241px\" \/><\/a><\/figure>\n","protected":false},"excerpt":{"rendered":"<p>Die beiden Repair-Caf\u00e9s in Gauting und Gr\u00e4felfing haben sich zusammengeschlossen und bieten Senior*innen einen ehrenamtlichen und kostenlosen Service zur Unterst\u00fctzung im Umgang mit defekten PCs, Laptops, Tablets, Smartphones und Telefonanlagen und der dazugeh\u00f6rigen Software. Die ehrenamtlichen Helfer*innen k\u00fcmmern sich um akute F\u00e4lle von Reparaturen, Installationen und Fehlerbehebung an Betriebssystemen, Hard- und Software.Email: pc-hilfe@repair-cafe-gauting.de und Tel. 089 \/ 89 311 054 <a class=\"more-link\" href=\"https:\/\/www.repair-cafe-gauting.de\/?page_id=1540\">mehr lesen&#8230;<\/a><\/p>\n","protected":false},"author":1,"featured_media":0,"parent":0,"menu_order":0,"comment_status":"closed","ping_status":"closed","template":"","meta":{"footnotes":""},"class_list":["post-1540","page","type-page","status-publish","hentry"],"blog_post_layout_featured_media_urls":{"thumbnail":"","full":""},"categories_names":null,"comments_number":"0","_links":{"self":[{"href":"https:\/\/www.repair-cafe-gauting.de\/index.php?rest_route=\/wp\/v2\/pages\/1540","targetHints":{"allow":["GET"]}}],"collection":[{"href":"https:\/\/www.repair-cafe-gauting.de\/index.php?rest_route=\/wp\/v2\/pages"}],"about":[{"href":"https:\/\/www.repair-cafe-gauting.de\/index.php?rest_route=\/wp\/v2\/types\/page"}],"author":[{"embeddable":true,"href":"https:\/\/www.repair-cafe-gauting.de\/index.php?rest_route=\/wp\/v2\/users\/1"}],"replies":[{"embeddable":true,"href":"https:\/\/www.repair-cafe-gauting.de\/index.php?rest_route=%2Fwp%2Fv2%2Fcomments&post=1540"}],"version-history":[{"count":8,"href":"https:\/\/www.repair-cafe-gauting.de\/index.php?rest_route=\/wp\/v2\/pages\/1540\/revisions"}],"predecessor-version":[{"id":1604,"href":"https:\/\/www.repair-cafe-gauting.de\/index.php?rest_route=\/wp\/v2\/pages\/1540\/revisions\/1604"}],"wp:attachment":[{"href":"https:\/\/www.repair-cafe-gauting.de\/index.php?rest_route=%2Fwp%2Fv2%2Fmedia&parent=1540"}],"curies":[{"name":"wp","href":"https:\/\/api.w.org\/{rel}","templated":true}]}}