{"id":1547,"date":"2021-02-19T15:59:08","date_gmt":"2021-02-19T14:59:08","guid":{"rendered":"http:\/\/www.repair-cafe-gauting.de\/?page_id=1547"},"modified":"2021-03-14T13:16:05","modified_gmt":"2021-03-14T12:16:05","slug":"aktuelles","status":"publish","type":"page","link":"https:\/\/www.repair-cafe-gauting.de\/","title":{"rendered":"Aktuelles"},"content":{"rendered":"<div id=\"cv-grid-post-layout\" class=\"block-39ad8edd-10c1-4bc1-82fd-c866d9e84d57 cv-block cv-block-grid--layout-three\"><h2 class=\"cv-block-title align--center layout--three\"><span>Beitr\u00e4ge<\/span><\/h2>    <div class=\"cv-post-wrapper cv-post--imagemargin column--two\">\r\n                        <article post-id=\"post-1838\" class=\"cv-post post-format--standard\" itemscope itemtype=\"http:\/\/schema.org\/articleBody\">\r\n                    <div class=\"cv-post-thumb\">\r\n                        <a href=\"https:\/\/www.repair-cafe-gauting.de\/?p=1838\"><img decoding=\"async\" src=\"https:\/\/www.repair-cafe-gauting.de\/wp-content\/uploads\/2025\/05\/Katarzyna.jpg\" alt=\"Jetzt auch Lederreparaturen\"\/><\/a>\r\n                        <div class=\"cv-post-date\" itemprop=\"datePublished\"><a href=\"https:\/\/www.repair-cafe-gauting.de\/?p=1838\">17 Nov.<\/a><\/div>                    <\/div>\r\n                    <div class=\"cv-post-cat-tag-wrap cv-clearfix\">\r\n                                            <\/div>\r\n                    <h2 class=\"cv-post-title\">\r\n                        <a href=\"https:\/\/www.repair-cafe-gauting.de\/?p=1838\" target=\"_self\">\r\n                            Jetzt auch Lederreparaturen                        <\/a>\r\n                    <\/h2>\r\n                    <div class=\"cv-post-content\" itemprop=\"description\">Katarzyna ist eine ausgezeichnete Schuhmacher-Meisterin. Auf den ersten Blick f\u00e4llt auf, dass sie ganz besondere Schuhe tr\u00e4gt. Mit eigenem Design, unverwechselbare Einzelanfertigung. Und auf ihrer gro\u00dfen Umh\u00e4ngetasche steht un\u00fcbersehbar in&hellip;<\/div>                    <div class=\"cv-post-meta cv-meta-icon-show\">\r\n                                            <\/div>\r\n                    <div class=\"cv-read-more\"><a href=https:\/\/www.repair-cafe-gauting.de\/?p=1838>weiterlesen&#8230;<i class=\"fas fa-arrow-right\"><\/i><\/a><\/div>                <\/article>\r\n                        <article post-id=\"post-1802\" class=\"cv-post post-format--standard\" itemscope itemtype=\"http:\/\/schema.org\/articleBody\">\r\n                    <div class=\"cv-post-thumb\">\r\n                        <a href=\"https:\/\/www.repair-cafe-gauting.de\/?p=1802\"><img decoding=\"async\" src=\"https:\/\/www.repair-cafe-gauting.de\/wp-content\/uploads\/2024\/11\/Kopie-von-IMG_20241116_133006.jpg\" alt=\"Jubil\u00e4um mit gro\u00dfer Beteiligung\"\/><\/a>\r\n                        <div class=\"cv-post-date\" itemprop=\"datePublished\"><a href=\"https:\/\/www.repair-cafe-gauting.de\/?p=1802\">18 Nov.<\/a><\/div>                    <\/div>\r\n                    <div class=\"cv-post-cat-tag-wrap cv-clearfix\">\r\n                                            <\/div>\r\n                    <h2 class=\"cv-post-title\">\r\n                        <a href=\"https:\/\/www.repair-cafe-gauting.de\/?p=1802\" target=\"_self\">\r\n                            Jubil\u00e4um mit gro\u00dfer Beteiligung                        <\/a>\r\n                    <\/h2>\r\n                    <div class=\"cv-post-content\" itemprop=\"description\">Licht und Schatten \u00fcber unserem 10-j\u00e4hrigen Jubil\u00e4um. Mit prominenten G\u00e4sten, der Presse, unseren Kollegen vom Starnberger Repair Caf\u00e9 und 58 Besuchern mit defekten Dingen fand unser Jubil\u00e4ums-Repair Caf\u00e9 statt. Landrat&hellip;<\/div>                    <div class=\"cv-post-meta cv-meta-icon-show\">\r\n                                            <\/div>\r\n                    <div class=\"cv-read-more\"><a href=https:\/\/www.repair-cafe-gauting.de\/?p=1802>weiterlesen&#8230;<i class=\"fas fa-arrow-right\"><\/i><\/a><\/div>                <\/article>\r\n                        <article post-id=\"post-1784\" class=\"cv-post post-format--standard\" itemscope itemtype=\"http:\/\/schema.org\/articleBody\">\r\n                    <div class=\"cv-post-thumb\">\r\n                        <a href=\"https:\/\/www.repair-cafe-gauting.de\/?p=1784\"><img decoding=\"async\" src=\"https:\/\/www.repair-cafe-gauting.de\/wp-content\/uploads\/2024\/09\/10-Jahre.jpg\" alt=\"Unser 10er Jubil\u00e4um ist nah!\"\/><\/a>\r\n                        <div class=\"cv-post-date\" itemprop=\"datePublished\"><a href=\"https:\/\/www.repair-cafe-gauting.de\/?p=1784\">19 Sep.<\/a><\/div>                    <\/div>\r\n                    <div class=\"cv-post-cat-tag-wrap cv-clearfix\">\r\n                                            <\/div>\r\n                    <h2 class=\"cv-post-title\">\r\n                        <a href=\"https:\/\/www.repair-cafe-gauting.de\/?p=1784\" target=\"_self\">\r\n                            Unser 10er Jubil\u00e4um ist nah!                        <\/a>\r\n                    <\/h2>\r\n                    <div class=\"cv-post-content\" itemprop=\"description\">Im November 2014 haben wir erstmals die T\u00fcren zu unserem Repair Caf\u00e9 in Gauting ge\u00f6ffnet. Der BR hat den Tag mit einem Filmteam begleitet und einen Beitrag unter &#8222;Wir in&hellip;<\/div>                    <div class=\"cv-post-meta cv-meta-icon-show\">\r\n                                            <\/div>\r\n                    <div class=\"cv-read-more\"><a href=https:\/\/www.repair-cafe-gauting.de\/?p=1784>weiterlesen&#8230;<i class=\"fas fa-arrow-right\"><\/i><\/a><\/div>                <\/article>\r\n                        <article post-id=\"post-1776\" class=\"cv-post post-format--standard\" itemscope itemtype=\"http:\/\/schema.org\/articleBody\">\r\n                    <div class=\"cv-post-thumb\">\r\n                        <a href=\"https:\/\/www.repair-cafe-gauting.de\/?p=1776\"><img decoding=\"async\" src=\"https:\/\/www.repair-cafe-gauting.de\/wp-content\/uploads\/2024\/07\/film.png\" alt=\"Repair Caf\u00e9 Gauting im AWISTA-Film\"\/><\/a>\r\n                        <div class=\"cv-post-date\" itemprop=\"datePublished\"><a href=\"https:\/\/www.repair-cafe-gauting.de\/?p=1776\">01 Juli<\/a><\/div>                    <\/div>\r\n                    <div class=\"cv-post-cat-tag-wrap cv-clearfix\">\r\n                                            <\/div>\r\n                    <h2 class=\"cv-post-title\">\r\n                        <a href=\"https:\/\/www.repair-cafe-gauting.de\/?p=1776\" target=\"_self\">\r\n                            Repair Caf\u00e9 Gauting im AWISTA-Film                        <\/a>\r\n                    <\/h2>\r\n                    <div class=\"cv-post-content\" itemprop=\"description\">Im Nominierungsfilm der AWISTA (Dauer 2:00 Minuten)\u00a0zum ZfK-Nachhaltigkeits AWARD sind Ausschnitte zu sehen, die bei uns im Repair Caf\u00e9 gedreht wurden. Entweder direkt \u00fcber die Website unter\u00a0https:\/\/www.awista-starnberg.de\/auszeichnungen\/\u00a0oder auf der Vimeo-Plattform&hellip;<\/div>                    <div class=\"cv-post-meta cv-meta-icon-show\">\r\n                                            <\/div>\r\n                    <div class=\"cv-read-more\"><a href=https:\/\/www.repair-cafe-gauting.de\/?p=1776>weiterlesen&#8230;<i class=\"fas fa-arrow-right\"><\/i><\/a><\/div>                <\/article>\r\n                        <article post-id=\"post-1770\" class=\"cv-post post-format--standard\" itemscope itemtype=\"http:\/\/schema.org\/articleBody\">\r\n                    <div class=\"cv-post-thumb\">\r\n                        <a href=\"https:\/\/www.repair-cafe-gauting.de\/?p=1770\"><img decoding=\"async\" src=\"https:\/\/www.repair-cafe-gauting.de\/wp-content\/uploads\/2024\/06\/SZ-1.6.24-Die-Wiederhersteller-1.jpg\" alt=\"Die SZ berichtet \u00fcber das Gautinger Repair Caf\u00e9\"\/><\/a>\r\n                        <div class=\"cv-post-date\" itemprop=\"datePublished\"><a href=\"https:\/\/www.repair-cafe-gauting.de\/?p=1770\">07 Juni<\/a><\/div>                    <\/div>\r\n                    <div class=\"cv-post-cat-tag-wrap cv-clearfix\">\r\n                                            <\/div>\r\n                    <h2 class=\"cv-post-title\">\r\n                        <a href=\"https:\/\/www.repair-cafe-gauting.de\/?p=1770\" target=\"_self\">\r\n                            Die SZ berichtet \u00fcber das Gautinger Repair Caf\u00e9                        <\/a>\r\n                    <\/h2>\r\n                    <div class=\"cv-post-content\" itemprop=\"description\"><\/div>                    <div class=\"cv-post-meta cv-meta-icon-show\">\r\n                                            <\/div>\r\n                    <div class=\"cv-read-more\"><a href=https:\/\/www.repair-cafe-gauting.de\/?p=1770>weiterlesen&#8230;<i class=\"fas fa-arrow-right\"><\/i><\/a><\/div>                <\/article>\r\n                        <article post-id=\"post-1738\" class=\"cv-post post-format--standard\" itemscope itemtype=\"http:\/\/schema.org\/articleBody\">\r\n                    <div class=\"cv-post-thumb\">\r\n                        <a href=\"https:\/\/www.repair-cafe-gauting.de\/?p=1738\"><img decoding=\"async\" src=\"https:\/\/www.repair-cafe-gauting.de\/wp-content\/uploads\/2023\/09\/6exszdasc9.png\" alt=\"Internationaler Repair Day am 21. Okt. 23\"\/><\/a>\r\n                        <div class=\"cv-post-date\" itemprop=\"datePublished\"><a href=\"https:\/\/www.repair-cafe-gauting.de\/?p=1738\">26 Sep.<\/a><\/div>                    <\/div>\r\n                    <div class=\"cv-post-cat-tag-wrap cv-clearfix\">\r\n                                            <\/div>\r\n                    <h2 class=\"cv-post-title\">\r\n                        <a href=\"https:\/\/www.repair-cafe-gauting.de\/?p=1738\" target=\"_self\">\r\n                            Internationaler Repair Day am 21. Okt. 23                        <\/a>\r\n                    <\/h2>\r\n                    <div class=\"cv-post-content\" itemprop=\"description\">REPARIEREN F\u00dcR ALLEDer Herbst naht und mit ihm steht der Tag im Jahr an, wo sich wohl weltweit die meisten Ehrenamtlichen dem Reparieren widmen werden: Der dritte Samstag im\u00a0 Oktober&hellip;<\/div>                    <div class=\"cv-post-meta cv-meta-icon-show\">\r\n                                            <\/div>\r\n                    <div class=\"cv-read-more\"><a href=https:\/\/www.repair-cafe-gauting.de\/?p=1738>weiterlesen&#8230;<i class=\"fas fa-arrow-right\"><\/i><\/a><\/div>                <\/article>\r\n            <\/div><\/div>","protected":false},"excerpt":{"rendered":"","protected":false},"author":1,"featured_media":0,"parent":0,"menu_order":0,"comment_status":"closed","ping_status":"closed","template":"","meta":{"footnotes":""},"class_list":["post-1547","page","type-page","status-publish","hentry"],"blog_post_layout_featured_media_urls":{"thumbnail":"","full":""},"categories_names":null,"comments_number":"0","_links":{"self":[{"href":"https:\/\/www.repair-cafe-gauting.de\/index.php?rest_route=\/wp\/v2\/pages\/1547","targetHints":{"allow":["GET"]}}],"collection":[{"href":"https:\/\/www.repair-cafe-gauting.de\/index.php?rest_route=\/wp\/v2\/pages"}],"about":[{"href":"https:\/\/www.repair-cafe-gauting.de\/index.php?rest_route=\/wp\/v2\/types\/page"}],"author":[{"embeddable":true,"href":"https:\/\/www.repair-cafe-gauting.de\/index.php?rest_route=\/wp\/v2\/users\/1"}],"replies":[{"embeddable":true,"href":"https:\/\/www.repair-cafe-gauting.de\/index.php?rest_route=%2Fwp%2Fv2%2Fcomments&post=1547"}],"version-history":[{"count":7,"href":"https:\/\/www.repair-cafe-gauting.de\/index.php?rest_route=\/wp\/v2\/pages\/1547\/revisions"}],"predecessor-version":[{"id":1571,"href":"https:\/\/www.repair-cafe-gauting.de\/index.php?rest_route=\/wp\/v2\/pages\/1547\/revisions\/1571"}],"wp:attachment":[{"href":"https:\/\/www.repair-cafe-gauting.de\/index.php?rest_route=%2Fwp%2Fv2%2Fmedia&parent=1547"}],"curies":[{"name":"wp","href":"https:\/\/api.w.org\/{rel}","templated":true}]}}