{"id":247,"date":"2014-09-08T16:50:06","date_gmt":"2014-09-08T14:50:06","guid":{"rendered":"http:\/\/www.repair-cafe-gauting.de\/?page_id=247"},"modified":"2023-03-10T12:38:13","modified_gmt":"2023-03-10T11:38:13","slug":"sponsoren","status":"publish","type":"page","link":"https:\/\/www.repair-cafe-gauting.de\/?page_id=247","title":{"rendered":"Sponsoren"},"content":{"rendered":"\n<p>Das Repair Caf\u00e9 arbeitet ehrenamtlich. Wir sind deshalb auf Sponsoren angewiesen. Ihre Spenden werden ausschlie\u00dflich f\u00fcr Grundausstattung, Material, Werkzeuge oder Catering verwendet. Bitte haben Sie Verst\u00e4ndnis, dass wir keine \u00dcberweisung entgegennehmen k\u00f6nnen, sondern nur Sachspenden und Bargeldspenden.<\/p>\n\n\n\n<p>Diese Sponsoren sind bereits an Bord:<\/p>\n\n\n\n<h4 class=\"wp-block-heading\">Gemeinde Gauting:<img loading=\"lazy\" decoding=\"async\" class=\"alignright wp-image-232\" src=\"http:\/\/www.repair-cafe-gauting.de\/wp-content\/uploads\/2014\/09\/Gauting_Wappen-254x300.png\" alt=\"Gemeinde Gauting\" width=\"210\" height=\"246\"><\/h4>\n\n\n\n<p>Frau B\u00fcrgermeisterin K\u00f6ssinger steht hinter dem Projekt. Die Gemeinde stellt deswegen den Raum im Bahnhof und M\u00f6bel kostenlos zur Verf\u00fcgung. Sie verbreitet Pressemitteilungen in den Medien und unterst\u00fctzt das Repair Caf\u00e9 aktiv mit einem Mitarbeiter der Gemeinde. Danke!!!<\/p>\n\n\n\n<hr class=\"wp-block-separator has-alpha-channel-opacity\"\/>\n\n\n\n<h4 class=\"wp-block-heading\">\u00d6ko &amp; Fair Umweltzentrum<img loading=\"lazy\" decoding=\"async\" class=\"alignright wp-image-230\" src=\"http:\/\/www.repair-cafe-gauting.de\/wp-content\/uploads\/2014\/09\/1_Logo-O\u0308F_Umweltzentrum-Gauting-300x184.jpg\" alt=\"\u00d6ko &amp; Fair Umweltzentrum\" width=\"210\" height=\"133\"><\/h4>\n\n\n\n<p>Gemeinder\u00e4tin Christiane L\u00fcst gab den Ansto\u00df, beherbergt in ihrem Fair Caf\u00e9 die Versammlungen, leitet die Organisation, stellt die Verbindung zum Gemeinderat her und k\u00fcmmert sich um die \u00d6ffentlichkeitsarbeit. Karl Heinz Jobst entwirft und pflegt die Homepage, verschickt Newsletter, f\u00fchrt die Aktivenliste und erstellt die Formulare.<\/p>\n\n\n\n<hr class=\"wp-block-separator has-alpha-channel-opacity\"\/>\n\n\n\n<h4 class=\"wp-block-heading\">Landratsamt Starnberg<a href=\"http:\/\/www.repair-cafe-gauting.de\/wp-content\/uploads\/2014\/09\/STA_blau-6x3.jpg\"><img loading=\"lazy\" decoding=\"async\" class=\"alignright wp-image-512\" src=\"http:\/\/www.repair-cafe-gauting.de\/wp-content\/uploads\/2014\/09\/STA_blau-6x3-300x145.jpg\" alt=\"STA_blau 6x3\" width=\"210\" height=\"108\"><\/a><\/h4>\n\n\n\n<p>Das LRA unterst\u00fctzt das Repair Caf\u00e9 mit einem gro\u00dfz\u00fcgigen Zuschuss zur elektrischen Grundausstattung und begr\u00fcndet das mit Nachhaltigkeit, Abfallvermeidung, Ressourcenschonung und Klimaschutzbeitrag des Repair Caf\u00e9s. Danke daf\u00fcr!<\/p>\n\n\n\n<hr class=\"wp-block-separator has-alpha-channel-opacity\"\/>\n\n\n\n<div class=\"wp-block-columns is-layout-flex wp-container-core-columns-is-layout-9d6595d7 wp-block-columns-is-layout-flex\">\n<div class=\"wp-block-column is-layout-flow wp-block-column-is-layout-flow\" style=\"flex-basis:66.66%\">\n<h4 class=\"wp-block-heading\">AWISTA<\/h4>\n\n\n\n<p>Die Abfallwirtschaft Starnberg KU gew\u00e4hrt f\u00fcr jedes reparierte Elektro- oder Elektronikger\u00e4t einen Zuschuss gegen Nachweis.<\/p>\n<\/div>\n\n\n\n<div class=\"wp-block-column is-layout-flow wp-block-column-is-layout-flow\" style=\"flex-basis:33.33%\">\n<figure class=\"wp-block-image size-full\"><a href=\"https:\/\/www.repair-cafe-gauting.de\/wp-content\/uploads\/2023\/03\/2022.07.29_-_AWISTAKU-LOGO-CMYK-600PX.png\"><img loading=\"lazy\" decoding=\"async\" width=\"600\" height=\"371\" src=\"https:\/\/www.repair-cafe-gauting.de\/wp-content\/uploads\/2023\/03\/2022.07.29_-_AWISTAKU-LOGO-CMYK-600PX.png\" alt=\"\" class=\"wp-image-1713\" srcset=\"https:\/\/www.repair-cafe-gauting.de\/wp-content\/uploads\/2023\/03\/2022.07.29_-_AWISTAKU-LOGO-CMYK-600PX.png 600w, https:\/\/www.repair-cafe-gauting.de\/wp-content\/uploads\/2023\/03\/2022.07.29_-_AWISTAKU-LOGO-CMYK-600PX-300x186.png 300w, https:\/\/www.repair-cafe-gauting.de\/wp-content\/uploads\/2023\/03\/2022.07.29_-_AWISTAKU-LOGO-CMYK-600PX-250x155.png 250w\" sizes=\"auto, (max-width: 600px) 100vw, 600px\" \/><\/a><\/figure>\n<\/div>\n<\/div>\n\n\n\n<hr class=\"wp-block-separator has-alpha-channel-opacity\"\/>\n\n\n\n<h4 class=\"wp-block-heading\"><a href=\"http:\/\/www.repair-cafe-gauting.de\/wp-content\/uploads\/2014\/09\/logo_slogan_rw-wuermtal_4c.jpg\"><img loading=\"lazy\" decoding=\"async\" class=\"alignright wp-image-573\" src=\"http:\/\/www.repair-cafe-gauting.de\/wp-content\/uploads\/2014\/09\/logo_slogan_rw-wuermtal_4c-300x100.jpg\" alt=\"logo_slogan_rw-wuermtal_4c\" width=\"209\" height=\"75\"><\/a>Regionalwerk<\/h4>\n\n\n\n<p>Das Regionalwerk stattet das Repair Caf\u00e9 mit hochwertiger Tischbeleuchtung aus. Danke!<\/p>\n\n\n\n<hr class=\"wp-block-separator has-alpha-channel-opacity\"\/>\n\n\n\n<h4 class=\"wp-block-heading\">Hagebaumarkt Starnberg<img loading=\"lazy\" decoding=\"async\" class=\"alignright wp-image-312\" src=\"http:\/\/www.repair-cafe-gauting.de\/wp-content\/uploads\/2014\/09\/Hagebau.jpg\" alt=\"Hagebau\" width=\"200\" height=\"150\" srcset=\"https:\/\/www.repair-cafe-gauting.de\/wp-content\/uploads\/2014\/09\/Hagebau.jpg 259w, https:\/\/www.repair-cafe-gauting.de\/wp-content\/uploads\/2014\/09\/Hagebau-250x187.jpg 250w\" sizes=\"auto, (max-width: 200px) 100vw, 200px\" \/><\/h4>\n\n\n\n<p>Der Heimwerkermarkt hat 5 gro\u00dfe Werkzeugkoffer gestiftet. Herzlichen Dank!<\/p>\n\n\n\n<hr class=\"wp-block-separator has-alpha-channel-opacity\"\/>\n\n\n\n<h4 class=\"wp-block-heading\">Energiewende Landkreis Starnberg e.V. Ortsgruppe Gauting-Krailling<a href=\"http:\/\/www.repair-cafe-gauting.de\/wp-content\/uploads\/2014\/09\/Energiewende-STA.jpg\"><img loading=\"lazy\" decoding=\"async\" class=\"alignright wp-image-318\" src=\"http:\/\/www.repair-cafe-gauting.de\/wp-content\/uploads\/2014\/09\/Energiewende-STA-300x183.jpg\" alt=\"Energiewende STA\" width=\"200\" height=\"125\"><\/a><\/h4>\n\n\n\n<h4 class=\"wp-block-heading\">&nbsp;<\/h4>\n\n\n\n<hr class=\"wp-block-separator has-alpha-channel-opacity\"\/>\n\n\n<div class=\"wp-block-image\">\n<figure class=\"alignright\"><a href=\"http:\/\/www.repair-cafe-gauting.de\/wp-content\/uploads\/2014\/09\/Radhaus-STA.png\"><img loading=\"lazy\" decoding=\"async\" width=\"151\" height=\"146\" src=\"http:\/\/www.repair-cafe-gauting.de\/wp-content\/uploads\/2014\/09\/Radhaus-STA.png\" alt=\"Radhaus STA\" class=\"wp-image-991\" srcset=\"https:\/\/www.repair-cafe-gauting.de\/wp-content\/uploads\/2014\/09\/Radhaus-STA.png 151w, https:\/\/www.repair-cafe-gauting.de\/wp-content\/uploads\/2014\/09\/Radhaus-STA-150x146.png 150w\" sizes=\"auto, (max-width: 151px) 100vw, 151px\" \/><\/a><\/figure>\n<\/div>\n\n\n<p>Pere von der Filiale Stockdorf des Radhauses Starnberg unterst\u00fctzt uns mit Fahrrad-Knowhow und Reparatur-Material<\/p>\n\n\n\n<hr class=\"wp-block-separator has-alpha-channel-opacity\"\/>\n\n\n\n<p>Hier k\u00f6nnte Ihr Logo stehen&#8230;<\/p>\n\n\n\n<p><\/p>\n","protected":false},"excerpt":{"rendered":"<p>Das Repair Caf\u00e9 arbeitet ehrenamtlich. Wir sind deshalb auf Sponsoren angewiesen. Ihre Spenden werden ausschlie\u00dflich f\u00fcr Grundausstattung, Material, Werkzeuge oder Catering verwendet. Bitte haben Sie Verst\u00e4ndnis, dass wir keine \u00dcberweisung entgegennehmen k\u00f6nnen, sondern nur Sachspenden und Bargeldspenden. Diese Sponsoren sind bereits an Bord: Gemeinde Gauting: Frau B\u00fcrgermeisterin K\u00f6ssinger steht hinter dem Projekt. Die Gemeinde stellt deswegen den Raum im Bahnhof <a class=\"more-link\" href=\"https:\/\/www.repair-cafe-gauting.de\/?page_id=247\">mehr lesen&#8230;<\/a><\/p>\n","protected":false},"author":1,"featured_media":0,"parent":0,"menu_order":0,"comment_status":"closed","ping_status":"closed","template":"","meta":{"footnotes":""},"class_list":["post-247","page","type-page","status-publish","hentry"],"blog_post_layout_featured_media_urls":{"thumbnail":"","full":""},"categories_names":null,"comments_number":"0","_links":{"self":[{"href":"https:\/\/www.repair-cafe-gauting.de\/index.php?rest_route=\/wp\/v2\/pages\/247","targetHints":{"allow":["GET"]}}],"collection":[{"href":"https:\/\/www.repair-cafe-gauting.de\/index.php?rest_route=\/wp\/v2\/pages"}],"about":[{"href":"https:\/\/www.repair-cafe-gauting.de\/index.php?rest_route=\/wp\/v2\/types\/page"}],"author":[{"embeddable":true,"href":"https:\/\/www.repair-cafe-gauting.de\/index.php?rest_route=\/wp\/v2\/users\/1"}],"replies":[{"embeddable":true,"href":"https:\/\/www.repair-cafe-gauting.de\/index.php?rest_route=%2Fwp%2Fv2%2Fcomments&post=247"}],"version-history":[{"count":61,"href":"https:\/\/www.repair-cafe-gauting.de\/index.php?rest_route=\/wp\/v2\/pages\/247\/revisions"}],"predecessor-version":[{"id":1714,"href":"https:\/\/www.repair-cafe-gauting.de\/index.php?rest_route=\/wp\/v2\/pages\/247\/revisions\/1714"}],"wp:attachment":[{"href":"https:\/\/www.repair-cafe-gauting.de\/index.php?rest_route=%2Fwp%2Fv2%2Fmedia&parent=247"}],"curies":[{"name":"wp","href":"https:\/\/api.w.org\/{rel}","templated":true}]}}