{"id":26,"date":"2014-09-03T15:10:52","date_gmt":"2014-09-03T13:10:52","guid":{"rendered":"http:\/\/www.repair-cafe-gauting.de\/?page_id=26"},"modified":"2015-04-22T09:14:24","modified_gmt":"2015-04-22T07:14:24","slug":"startseite","status":"publish","type":"page","link":"https:\/\/www.repair-cafe-gauting.de\/?page_id=26","title":{"rendered":"Was ist ein Repair Caf\u00e9?"},"content":{"rendered":"<h4><code>\t\r\n\t\t\r\n\t<div id=\"meteor-slideshow\" class=\"meteor-slides  navprevnext\">\r\n\t\r\n\t\t\t\r\n\t\t\t\r\n\t\t\t<ul class=\"meteor-nav\">\r\n\t\t\r\n\t\t\t\t<li id=\"meteor-prev\" class=\"prev\"><a href=\"#prev\">Previous<\/a><\/li>\r\n\t\t\t\r\n\t\t\t\t<li id=\"meteor-next\" class=\"next\"><a href=\"#next\">Next<\/a><\/li>\r\n\t\t\t\r\n\t\t\t<\/ul><!-- .meteor-nav -->\r\n\t\t\r\n\t\t\t\t\r\n\t\t\t\r\n\t\t<div class=\"meteor-clip\">\r\n\t\r\n\t\t\t\t\r\n\t\t\t<img decoding=\"async\" style=\"visibility: hidden;\" class=\"meteor-shim\" src=\"https:\/\/www.repair-cafe-gauting.de\/wp-content\/uploads\/2015\/09\/Elektronik-750x200.jpg\" alt=\"\" \/>\r\n\t\t\t<div class=\"mslide mslide-1\">\r\n\t\t\t\t\r\n\t\t\t\t\t\t\t\t\t\r\n\t\t\t\t\t<img loading=\"lazy\" decoding=\"async\" width=\"750\" height=\"200\" src=\"https:\/\/www.repair-cafe-gauting.de\/wp-content\/uploads\/2015\/09\/Elektronik-750x200.jpg\" class=\"attachment-featured-slide size-featured-slide wp-post-image\" alt=\"\" title=\"Elektronik\" srcset=\"https:\/\/www.repair-cafe-gauting.de\/wp-content\/uploads\/2015\/09\/Elektronik.jpg 750w, https:\/\/www.repair-cafe-gauting.de\/wp-content\/uploads\/2015\/09\/Elektronik-300x80.jpg 300w, https:\/\/www.repair-cafe-gauting.de\/wp-content\/uploads\/2015\/09\/Elektronik-250x67.jpg 250w\" sizes=\"auto, (max-width: 750px) 100vw, 750px\" \/>\t\t\t\t\t\r\n\t\t\t\t\t\t\t\r\n\t\t\t<\/div><!-- .mslide -->\r\n\t\t\t\r\n\t\t\t\t\t\t\r\n\t\t\t\t\r\n\t\t\t\r\n\t\t\t<div class=\"mslide mslide-2\">\r\n\t\t\t\t\r\n\t\t\t\t\t\t\t\t\t\r\n\t\t\t\t\t<img loading=\"lazy\" decoding=\"async\" width=\"745\" height=\"200\" src=\"https:\/\/www.repair-cafe-gauting.de\/wp-content\/uploads\/2014\/09\/slider-5-745x200.jpg\" class=\"attachment-featured-slide size-featured-slide wp-post-image\" alt=\"\" title=\"\" \/>\t\t\t\t\t\r\n\t\t\t\t\t\t\t\r\n\t\t\t<\/div><!-- .mslide -->\r\n\t\t\t\r\n\t\t\t\t\t\t\r\n\t\t\t\t\r\n\t\t\t\r\n\t\t\t<div class=\"mslide mslide-3\">\r\n\t\t\t\t\r\n\t\t\t\t\t\t\t\t\t\r\n\t\t\t\t\t<img loading=\"lazy\" decoding=\"async\" width=\"745\" height=\"200\" src=\"https:\/\/www.repair-cafe-gauting.de\/wp-content\/uploads\/2014\/09\/slider-3-745x200.jpg\" class=\"attachment-featured-slide size-featured-slide wp-post-image\" alt=\"\" title=\"\" \/>\t\t\t\t\t\r\n\t\t\t\t\t\t\t\r\n\t\t\t<\/div><!-- .mslide -->\r\n\t\t\t\r\n\t\t\t\t\t\t\r\n\t\t\t\t\r\n\t\t\t\r\n\t\t\t<div class=\"mslide mslide-4\">\r\n\t\t\t\t\r\n\t\t\t\t\t\t\t\t\t\r\n\t\t\t\t\t<img loading=\"lazy\" decoding=\"async\" width=\"745\" height=\"200\" src=\"https:\/\/www.repair-cafe-gauting.de\/wp-content\/uploads\/2014\/09\/slider-2-745x200.jpg\" class=\"attachment-featured-slide size-featured-slide wp-post-image\" alt=\"\" title=\"\" \/>\t\t\t\t\t\r\n\t\t\t\t\t\t\t\r\n\t\t\t<\/div><!-- .mslide -->\r\n\t\t\t\r\n\t\t\t\t\t\t\r\n\t\t\t\t\r\n\t\t\t\r\n\t\t\t<div class=\"mslide mslide-5\">\r\n\t\t\t\t\r\n\t\t\t\t\t\t\t\t\t\r\n\t\t\t\t\t<img loading=\"lazy\" decoding=\"async\" width=\"745\" height=\"200\" src=\"https:\/\/www.repair-cafe-gauting.de\/wp-content\/uploads\/2014\/09\/slider-4-745x200.jpg\" class=\"attachment-featured-slide size-featured-slide wp-post-image\" alt=\"\" title=\"Repair\" \/>\t\t\t\t\t\r\n\t\t\t\t\t\t\t\r\n\t\t\t<\/div><!-- .mslide -->\r\n\t\t\t\r\n\t\t\t\t\t\t\r\n\t\t\t\t\r\n\t\t<\/div><!-- .meteor-clip -->\r\n\t\t\t\t\r\n\t\t\t\t\t\r\n\t<\/div><!-- .meteor-slides -->\r\n\t\r\n\t<\/code><code><\/code><\/h4>\n<blockquote>\n<h4><span style=\"color: #333399;\">PC defekt? Loch im Pullover? Fahrradreifen platt?<\/span><\/h4>\n<\/blockquote>\n<p><strong> Wir werfen jetzt nichts mehr weg, sondern reparieren es einfach wieder!<\/strong><\/p>\n<p>Repair Caf\u00e9s sind ehrenamtliche Treffen mit Kaffe und Kuchen, bei denen die Teilnehmer alleine oder gemeinsam mit anderen ihre kaputten Dinge reparieren. Wir haben Fachleute, Werkzeug, Material und Literatur f\u00fcr alle m\u00f6glichen Reparaturen.<br \/>\nDu bringst Deine defekte Gegenst\u00e4nde von zu Hause mit. Im Repair Caf\u00e9 machst du Dich gemeinsam mit einem Fachmann oder einer Fachfrau an die Arbeit. Man kann dort immer eine Menge lernen.<\/p>\n<blockquote>\n<h4><span style=\"color: #333399;\">Wozu ein Repair Caf\u00e9?<\/span><\/h4>\n<\/blockquote>\n<p>In Europa werfen wir Unmengen Rohstoffe weg. Die Industrie ist daran interessiert, mit neuen Produkten noch mehr Umsatz zu machen. Dagegen wollen wir uns wehren. <strong>Wir reparieren statt neu zu kaufen!<\/strong><\/p>\n<p>Leider ist das Wissen zu reparieren bei vielen verloren gegangen. Repair Caf\u00e9 \u00e4ndert das!<br \/>\nWir holen das Knowhow von ehrenamtlichen Fachleuten und geben es an jedermann weiter.<br \/>\nGegenst\u00e4nde sind auf diese Weise l\u00e4nger brauchbar und werden nicht weggeworfen. Dadurch sparen wir Rohstoffe, Energie und somit auch CO2 f\u00fcr den Klimaschutz. <strong>Wir leben nachhaltig!<\/strong><br \/>\nReparieren macht Spa\u00df. Komm vorbei und versuche es selbst!<\/p>\n<blockquote>\n<h4><span style=\"color: #333399;\">Keine Konkurrenz f\u00fcr Reparatur-Profis<\/span><\/h4>\n<\/blockquote>\n<p>Repair Caf\u00e9 ist keine Konkurrenz f\u00fcr Handwerksbetriebe. Besucher werden in schwierigen F\u00e4llen regelm\u00e4\u00dfig an die (wenigen) Profis weiter verwiesen, die es (noch) gibt.<\/p>\n<blockquote>\n<h4><span style=\"color: #333399;\">Von wem stammt die Idee?<\/span><\/h4>\n<\/blockquote>\n<p>Repair Caf\u00e9 ist eine Initiative von Martine Postma. Seit 2007 setzt sie sich auf verschiedene Arten f\u00fcr Nachhaltigkeit auf lokaler Ebene ein. Das allererste Repair Caf\u00e9 organisierte Martine am 18. Oktober 2009 in Amsterdam. Es erwies sich als ein gro\u00dfer Erfolg. F\u00fcr Martine was dies der Anlass, im Jahr 2010 die Stiftung \u201eStichting Repair Caf\u00e9\u201c ins Leben zu rufen. Diese niederl\u00e4ndische Non-Profit-Organisation bietet lokalen Gruppen im In- und Ausland, die selbst ein eigenes Repair Caf\u00e9 er\u00f6ffnen wollen, seit 2011 professionelle Unterst\u00fctzung an. <span style=\"text-decoration: underline;\"><a href=\"http:\/\/repaircafe.org\/de\/\">http:\/\/repaircafe.org\/de\/<\/a><\/span><\/p>\n<blockquote>\n<h4><span style=\"color: #333399;\">Netzwerk Reparatur-Initiativen<\/span><\/h4>\n<\/blockquote>\n<p>Die Stiftungsgemeinschaft Anstiftung-Ertomis unterst\u00fctzt die Idee ebenfalls vorbildlich: <a href=\"http:\/\/anstiftung.de\/selbermachen\/reparatur-initiativen\">http:\/\/anstiftung.de\/selbermachen\/reparatur-initiativen<\/a><\/p>\n<p>Das folgende Video auf youtube erkl\u00e4rt sehr sch\u00f6n die Funktionen eines Repair Caf\u00e9s:<\/p>\n<p><a href=\"http:\/\/youtu.be\/kFSw1PUe66E\"><iframe loading=\"lazy\" src=\"\/\/www.youtube.com\/embed\/kFSw1PUe66E\" width=\"425\" height=\"350\"><\/iframe><\/a><\/p>\n","protected":false},"excerpt":{"rendered":"<p>PC defekt? Loch im Pullover? Fahrradreifen platt? Wir werfen jetzt nichts mehr weg, sondern reparieren es einfach wieder! Repair Caf\u00e9s sind ehrenamtliche Treffen mit Kaffe und Kuchen, bei denen die Teilnehmer alleine oder gemeinsam mit anderen ihre kaputten Dinge reparieren. Wir haben Fachleute, Werkzeug, Material und Literatur f\u00fcr alle m\u00f6glichen Reparaturen. Du bringst Deine defekte Gegenst\u00e4nde von zu Hause mit. <a class=\"more-link\" href=\"https:\/\/www.repair-cafe-gauting.de\/?page_id=26\">mehr lesen&#8230;<\/a><\/p>\n","protected":false},"author":1,"featured_media":0,"parent":0,"menu_order":0,"comment_status":"closed","ping_status":"closed","template":"","meta":{"footnotes":""},"class_list":["post-26","page","type-page","status-publish","hentry"],"blog_post_layout_featured_media_urls":{"thumbnail":"","full":""},"categories_names":null,"comments_number":"0","_links":{"self":[{"href":"https:\/\/www.repair-cafe-gauting.de\/index.php?rest_route=\/wp\/v2\/pages\/26","targetHints":{"allow":["GET"]}}],"collection":[{"href":"https:\/\/www.repair-cafe-gauting.de\/index.php?rest_route=\/wp\/v2\/pages"}],"about":[{"href":"https:\/\/www.repair-cafe-gauting.de\/index.php?rest_route=\/wp\/v2\/types\/page"}],"author":[{"embeddable":true,"href":"https:\/\/www.repair-cafe-gauting.de\/index.php?rest_route=\/wp\/v2\/users\/1"}],"replies":[{"embeddable":true,"href":"https:\/\/www.repair-cafe-gauting.de\/index.php?rest_route=%2Fwp%2Fv2%2Fcomments&post=26"}],"version-history":[{"count":39,"href":"https:\/\/www.repair-cafe-gauting.de\/index.php?rest_route=\/wp\/v2\/pages\/26\/revisions"}],"predecessor-version":[{"id":852,"href":"https:\/\/www.repair-cafe-gauting.de\/index.php?rest_route=\/wp\/v2\/pages\/26\/revisions\/852"}],"wp:attachment":[{"href":"https:\/\/www.repair-cafe-gauting.de\/index.php?rest_route=%2Fwp%2Fv2%2Fmedia&parent=26"}],"curies":[{"name":"wp","href":"https:\/\/api.w.org\/{rel}","templated":true}]}}