{"id":65,"date":"2014-09-03T17:28:53","date_gmt":"2014-09-03T15:28:53","guid":{"rendered":"http:\/\/www.repair-cafe-gauting.de\/?page_id=65"},"modified":"2017-09-13T09:47:29","modified_gmt":"2017-09-13T07:47:29","slug":"impressum","status":"publish","type":"page","link":"https:\/\/www.repair-cafe-gauting.de\/?page_id=65","title":{"rendered":"Impressum\/Kontakt"},"content":{"rendered":"<h5>Repair Caf\u00e9 Gauting, Bahnhofplatz im Bahnhof<strong><br \/>\n<\/strong><\/h5>\n<hr \/>\n<p style=\"text-align: left;\"><div id=\"wpgmza_map\" class=\"wpgmza_map\" data-settings='{\"id\":\"1\",\"map_title\":\"Repair Caf\\u00e9\",\"map_width\":\"660\",\"map_height\":\"400\",\"map_start_lat\":\"48.070578\",\"map_start_lng\":\"11.376633\",\"map_start_location\":\"48.070578,11.37663299999997\",\"map_start_zoom\":\"17\",\"default_marker\":\"0\",\"type\":\"1\",\"alignment\":\"2\",\"directions_enabled\":\"1\",\"styling_enabled\":\"0\",\"styling_json\":\"\",\"active\":\"0\",\"kml\":\"\",\"bicycle\":\"0\",\"traffic\":\"0\",\"dbox\":\"1\",\"dbox_width\":\"250\",\"listmarkers\":\"0\",\"listmarkers_advanced\":\"0\",\"filterbycat\":\"0\",\"ugm_enabled\":\"0\",\"fusion\":\"\",\"map_width_type\":\"px\",\"map_height_type\":\"px\",\"mass_marker_support\":\"1\",\"ugm_access\":\"0\",\"order_markers_by\":\"1\",\"order_markers_choice\":\"2\",\"show_user_location\":\"0\",\"ugm_category_enabled\":\"0\",\"default_to\":\"\",\"other_settings\":{\"store_locator_enabled\":2,\"store_locator_distance\":2,\"store_locator_default_radius\":\"10\",\"store_locator_not_found_message\":\"Keine Ergebnisse in dieser Position gefunden. Bitte versuche es erneut.\",\"store_locator_bounce\":1,\"store_locator_query_string\":\"ZIP \\\/ Address:\",\"store_locator_default_address\":\"\",\"wpgmza_store_locator_restrict\":\"\",\"wpgmza_store_locator_radius_style\":\"legacy\",\"map_max_zoom\":\"1\",\"transport_layer\":0,\"wpgmza_theme_data\":\"\",\"wpgmza_show_points_of_interest\":1}}' data-map-id='1' Data-maps-engine='google-maps' data-shortcode-attributes='{\"id\":\"1\"}' style=\"display:block; overflow:auto; width:660px; height:400px; float:left;\"><\/div><\/p>\n<hr \/>\n<p><a href=\"http:\/\/www.repair-cafe-gauting.de\/wp-content\/uploads\/2014\/10\/Bahnhof1.jpg\"><img loading=\"lazy\" decoding=\"async\" class=\"size-medium wp-image-597 alignleft\" src=\"http:\/\/www.repair-cafe-gauting.de\/wp-content\/uploads\/2014\/10\/Bahnhof1-300x225.jpg\" alt=\"Bahnhof\" width=\"300\" height=\"225\" srcset=\"https:\/\/www.repair-cafe-gauting.de\/wp-content\/uploads\/2014\/10\/Bahnhof1-300x225.jpg 300w, https:\/\/www.repair-cafe-gauting.de\/wp-content\/uploads\/2014\/10\/Bahnhof1-250x187.jpg 250w, https:\/\/www.repair-cafe-gauting.de\/wp-content\/uploads\/2014\/10\/Bahnhof1.jpg 405w\" sizes=\"auto, (max-width: 300px) 100vw, 300px\" \/><\/a><\/p>\n<p>&nbsp;<\/p>\n<p>&nbsp;<\/p>\n<p>&nbsp;<\/p>\n<p>&nbsp;<\/p>\n<p>&nbsp;<\/p>\n<hr \/>\n<h5>Ansprechpartnerin und Organisation:<\/h5>\n<p>Christiane L\u00fcst<br \/>\n\u00d6ko &amp; Fair Umweltzentrum<br \/>\nBerengariastr. 5<br \/>\n82131 Gauting<br \/>\nTel. 089\/89311054<br \/>\n<span style=\"text-decoration: underline; color: #0000ff;\"><span style=\"text-decoration: underline; color: #0000ff;\">christiane.luest[at]oeko-und-fair.de<\/span><\/span><\/p>\n<hr \/>\n<h5>Verantwortlich f\u00fcr den Internetauftritt<\/h5>\n<p>Karl Heinz Jobst<br \/>\n<span style=\"text-decoration: underline; color: #0000ff;\"><span style=\"color: #0000ff; text-decoration: underline;\">karl.heinz.jobst[at]oeko-und-fair.de<\/span><\/span><br \/>\nDer Internetauftritt wird gepflegt mit dem CMS wordpress\u00ae<\/p>\n<hr \/>\n<h5>Hinweise<\/h5>\n<p>Aus rechtlichen Gr\u00fcnden m\u00fcssen wir darauf hinweisen, dass wir auf den Inhalt verlinkter Seiten nicht immer Einflu\u00df nehmen k\u00f6nnen und daher daf\u00fcr nicht verantwortlich zeichnen k\u00f6nnen!<br \/>\nS\u00e4mtliche personenbezogenen Daten, die durch Formulare auf dieser Seite eingegeben werden, werden von uns nur zum daf\u00fcr vorgesehenen Zweck verwendet und auf Wunsch gel\u00f6scht.<\/p>\n<hr \/>\n<p>&nbsp;<\/p>\n","protected":false},"excerpt":{"rendered":"<p>Repair Caf\u00e9 Gauting, Bahnhofplatz im Bahnhof &nbsp; &nbsp; &nbsp; &nbsp; &nbsp; Ansprechpartnerin und Organisation: Christiane L\u00fcst \u00d6ko &amp; Fair Umweltzentrum Berengariastr. 5 82131 Gauting Tel. 089\/89311054 christiane.luest[at]oeko-und-fair.de Verantwortlich f\u00fcr den Internetauftritt Karl Heinz Jobst karl.heinz.jobst[at]oeko-und-fair.de Der Internetauftritt wird gepflegt mit dem CMS wordpress\u00ae Hinweise Aus rechtlichen Gr\u00fcnden m\u00fcssen wir darauf hinweisen, dass wir auf den Inhalt verlinkter Seiten nicht immer <a class=\"more-link\" href=\"https:\/\/www.repair-cafe-gauting.de\/?page_id=65\">mehr lesen&#8230;<\/a><\/p>\n","protected":false},"author":1,"featured_media":0,"parent":0,"menu_order":0,"comment_status":"open","ping_status":"closed","template":"","meta":{"footnotes":""},"class_list":["post-65","page","type-page","status-publish","hentry"],"blog_post_layout_featured_media_urls":{"thumbnail":"","full":""},"categories_names":null,"comments_number":"24","_links":{"self":[{"href":"https:\/\/www.repair-cafe-gauting.de\/index.php?rest_route=\/wp\/v2\/pages\/65","targetHints":{"allow":["GET"]}}],"collection":[{"href":"https:\/\/www.repair-cafe-gauting.de\/index.php?rest_route=\/wp\/v2\/pages"}],"about":[{"href":"https:\/\/www.repair-cafe-gauting.de\/index.php?rest_route=\/wp\/v2\/types\/page"}],"author":[{"embeddable":true,"href":"https:\/\/www.repair-cafe-gauting.de\/index.php?rest_route=\/wp\/v2\/users\/1"}],"replies":[{"embeddable":true,"href":"https:\/\/www.repair-cafe-gauting.de\/index.php?rest_route=%2Fwp%2Fv2%2Fcomments&post=65"}],"version-history":[{"count":47,"href":"https:\/\/www.repair-cafe-gauting.de\/index.php?rest_route=\/wp\/v2\/pages\/65\/revisions"}],"predecessor-version":[{"id":1501,"href":"https:\/\/www.repair-cafe-gauting.de\/index.php?rest_route=\/wp\/v2\/pages\/65\/revisions\/1501"}],"wp:attachment":[{"href":"https:\/\/www.repair-cafe-gauting.de\/index.php?rest_route=%2Fwp%2Fv2%2Fmedia&parent=65"}],"curies":[{"name":"wp","href":"https:\/\/api.w.org\/{rel}","templated":true}]}}