{"id":805,"date":"2015-01-23T11:42:39","date_gmt":"2015-01-23T09:42:39","guid":{"rendered":"http:\/\/www.repair-cafe-gauting.de\/?page_id=805"},"modified":"2015-04-22T09:18:24","modified_gmt":"2015-04-22T07:18:24","slug":"reparatur-objekte","status":"publish","type":"page","link":"https:\/\/www.repair-cafe-gauting.de\/?page_id=805","title":{"rendered":"Reparatur-Objekte"},"content":{"rendered":"<h4>Das Repair Cafe ist keine Restm\u00fcll-Sammelstelle und kein Wertstoffhof!<\/h4>\n<p>Du kannst aber einmal im Monat alles ins Repair Caf\u00e9 bringen, was du hintragen und wieder mit nach Hause nehmen kannst.<\/p>\n<h5>Hier ist eine (unvollst\u00e4ndige) Liste:<\/h5>\n<ul>\n<li>Computer\n<ul>\n<li>PCs, Laptops, Notebooks, Bildschirme, Drucker, Faxger\u00e4te, Scanner, M\u00e4use, Tablets<\/li>\n<\/ul>\n<\/li>\n<li>Haushaltsger\u00e4te\n<ul>\n<li>K\u00fcchenmaschinen, Wasserkocher, Mixer, Kaffemaschinen, B\u00fcgeleisen, N\u00e4hmaschinen, Lampen, Toaster, F\u00f6hn, Rasierapparate,<\/li>\n<\/ul>\n<\/li>\n<li>Unterhaltungselekronik\n<ul>\n<li>Fernsehger\u00e4te, Radios, Stereoanlagen, Verst\u00e4rker, Plattenspieler, DVD-Spieler, Satelliten-Empf\u00e4nger<\/li>\n<\/ul>\n<\/li>\n<li>Kommunikationselektronik\n<ul>\n<li>Handys, Smartphones, DECT-Telephone<\/li>\n<\/ul>\n<\/li>\n<li>Fahrr\u00e4der, Pedelecs<\/li>\n<li>Kleidung ( Risse, L\u00f6cher, Rei\u00dfverschl\u00fcsse, Kn\u00f6pfe usw.)<\/li>\n<li>B\u00fccher (Bindung, lose Seiten)<\/li>\n<li>Holz\n<ul>\n<li>Kleinm\u00f6bel, Ger\u00e4te<\/li>\n<\/ul>\n<\/li>\n<li>Metall\n<ul>\n<li>Werkzeuge, Rasenm\u00e4her, Kettens\u00e4gen, Grills, Elektrowerkzeuge, Heizger\u00e4te, Ventilatoren<\/li>\n<\/ul>\n<\/li>\n<li>Uhren (mit einfacher Mechanik)<\/li>\n<li>Fotoapparate, Filmkameras<\/li>\n<li>usw.<\/li>\n<\/ul>\n","protected":false},"excerpt":{"rendered":"<p>Das Repair Cafe ist keine Restm\u00fcll-Sammelstelle und kein Wertstoffhof! Du kannst aber einmal im Monat alles ins Repair Caf\u00e9 bringen, was du hintragen und wieder mit nach Hause nehmen kannst. Hier ist eine (unvollst\u00e4ndige) Liste: Computer PCs, Laptops, Notebooks, Bildschirme, Drucker, Faxger\u00e4te, Scanner, M\u00e4use, Tablets Haushaltsger\u00e4te K\u00fcchenmaschinen, Wasserkocher, Mixer, Kaffemaschinen, B\u00fcgeleisen, N\u00e4hmaschinen, Lampen, Toaster, F\u00f6hn, Rasierapparate, Unterhaltungselekronik Fernsehger\u00e4te, Radios, Stereoanlagen, <a class=\"more-link\" href=\"https:\/\/www.repair-cafe-gauting.de\/?page_id=805\">mehr lesen&#8230;<\/a><\/p>\n","protected":false},"author":1,"featured_media":0,"parent":0,"menu_order":0,"comment_status":"closed","ping_status":"closed","template":"","meta":{"footnotes":""},"class_list":["post-805","page","type-page","status-publish","hentry"],"blog_post_layout_featured_media_urls":{"thumbnail":"","full":""},"categories_names":null,"comments_number":"0","_links":{"self":[{"href":"https:\/\/www.repair-cafe-gauting.de\/index.php?rest_route=\/wp\/v2\/pages\/805","targetHints":{"allow":["GET"]}}],"collection":[{"href":"https:\/\/www.repair-cafe-gauting.de\/index.php?rest_route=\/wp\/v2\/pages"}],"about":[{"href":"https:\/\/www.repair-cafe-gauting.de\/index.php?rest_route=\/wp\/v2\/types\/page"}],"author":[{"embeddable":true,"href":"https:\/\/www.repair-cafe-gauting.de\/index.php?rest_route=\/wp\/v2\/users\/1"}],"replies":[{"embeddable":true,"href":"https:\/\/www.repair-cafe-gauting.de\/index.php?rest_route=%2Fwp%2Fv2%2Fcomments&post=805"}],"version-history":[{"count":6,"href":"https:\/\/www.repair-cafe-gauting.de\/index.php?rest_route=\/wp\/v2\/pages\/805\/revisions"}],"predecessor-version":[{"id":853,"href":"https:\/\/www.repair-cafe-gauting.de\/index.php?rest_route=\/wp\/v2\/pages\/805\/revisions\/853"}],"wp:attachment":[{"href":"https:\/\/www.repair-cafe-gauting.de\/index.php?rest_route=%2Fwp%2Fv2%2Fmedia&parent=805"}],"curies":[{"name":"wp","href":"https:\/\/api.w.org\/{rel}","templated":true}]}}