{"id":87,"date":"2014-09-03T20:01:28","date_gmt":"2014-09-03T18:01:28","guid":{"rendered":"http:\/\/www.repair-cafe-gauting.de\/?page_id=87"},"modified":"2022-07-12T10:26:03","modified_gmt":"2022-07-12T08:26:03","slug":"faq","status":"publish","type":"page","link":"https:\/\/www.repair-cafe-gauting.de\/?page_id=87","title":{"rendered":"Fragen &#038; Antworten"},"content":{"rendered":"\r\n<p class=\"has-vivid-purple-color has-text-color\"><span style=\"color: #333399;\"><strong>Frage: Wer organisiert das Repair Caf\u00e9 Gauting?<\/strong><\/span><br \/><span style=\"color: #333399;\"><strong>Antwort: <\/strong><span style=\"color: #000000;\">Das Repair Caf\u00e9 Gauting wird vom Umweltzentrum \u00d6ko &amp; Fair in Gauting ehrenamtlich organisiert. Das Repair Caf\u00e9 ist kein Verein, sondern ein lockerer Zusammenschluss von Menschen, die Spa\u00df am Reparieren haben und sich gegen die Wegwerfgesellschaft stellen. Nachhaltiger Konsum und die Vermeidung von Abfall sind oberstes Ziel. Das Repair Caf\u00e9 Gauting versteht sich als eine gemeinn\u00fctzige Initiative. <\/span><\/span><\/p>\r\n\r\n\r\n\r\n\r\n<hr class=\"wp-block-separator has-alpha-channel-opacity\" \/>\r\n\r\n\r\n<p class=\"has-text-color\" style=\"color: #2c9a75;\"><span style=\"color: #333399;\"><strong>Frage<\/strong>: <strong>Was kann ich im Repair Caf\u00e9 reparieren?<\/strong><\/span><br \/><span style=\"color: #000000;\"><span style=\"color: #333399;\"> <strong>Antwort<\/strong><\/span>: Alles was du ins Repair Caf\u00e9 tragen, und wieder mit nach Hause nehmen kannst und was in der \u201cSpezialistenliste\u201d des jeweiligen Termins genannt ist. Was nicht repariert werden kann, musst du wieder mit nach Hause nehmen. Wir k\u00f6nnen nichts lagern und werden auch nichts entsorgen.<\/span><\/p>\r\n\r\n\r\n<hr class=\"wp-block-separator has-alpha-channel-opacity\" \/>\r\n\r\n\r\n<p class=\"has-text-color\" style=\"color: #2c9a75;\"><span style=\"color: #333399;\"><strong>Frage<\/strong>: <strong>Wer haftet, wenn etwas kaputt geht, oder ich mich beim reparieren verletze?<\/strong><\/span><br \/><span style=\"color: #000000;\"><span style=\"color: #333399;\"> <strong>Antwort<\/strong><\/span>: Weil wir das Repair Cafe auf ehrenamtlicher Basis betreiben, k\u00f6nnen wir keinerlei Haftung oder Gew\u00e4hrleistung \u00fcbernehmen. Beim Betreten des Repair Caf\u00e9 bekommst Du die Hausordnung in die Hand gedr\u00fcckt und Du musst einen Haftungs- und Gew\u00e4hrleistungsanspruch unterzeichnen. Denn wir wollen helfen und Spa\u00df haben aber keinen \u00c4rger mit Anw\u00e4lten. Teilnehmer und Besucher sind \u00fcber die \u00d6ko &amp; Fair Betriebshaftpflichtversicherung unfallversichert.<br \/><\/span><\/p>\r\n\r\n\r\n<hr class=\"wp-block-separator has-alpha-channel-opacity\" \/>\r\n\r\n\r\n<p><span style=\"color: #333399;\"><strong>Frage<\/strong>: <strong>Was kostet die Reparatur?<\/strong><\/span><br \/><span style=\"color: #000000;\"><span style=\"color: #333399;\"> <strong>Antwort<\/strong>: <\/span>Nichts! Wir wollen ja schlie\u00dflich nichts verdienen. Wir nehmen aber gern Spenden an, die wieder f\u00fcr Material, Werkzeug und f\u00fcr Kaffee\/Kuchen verwendet werden. Eventuelle Spenden\u00fcbersch\u00fcsse werden einmal pro Jahr einvernehmlich f\u00fcr soziale Zwecke verwendet. <br \/><\/span><\/p>\r\n\r\n\r\n<hr class=\"wp-block-separator has-alpha-channel-opacity\" \/>\r\n\r\n\r\n<p><span style=\"color: #333399;\"><strong>Frage<\/strong>: <strong>Was ist, wenn Ersatzteile gebraucht werden?<\/strong><\/span><br \/><span style=\"color: #000000;\"><span style=\"color: #333399;\"> <strong>Antwort<\/strong>: <\/span>Wir haben eine Grundausstattung an Materialien vorr\u00e4tig. Diese sind i.d.R. kostenlos. Sollte zus\u00e4tzlich etwas Aufw\u00e4ndigeres gebraucht werden, helfen wir euch bei der Beschaffung (Bestellung im Internet, H\u00e4ndlersuche usw.) Aber Ersatzteile bestellen, besorgen und bezahlen m\u00fcsst ihr selbst.<\/span><\/p>\r\n\r\n\r\n<hr class=\"wp-block-separator has-alpha-channel-opacity\" \/>\r\n\r\n\r\n<p><span style=\"color: #333399;\"><strong>Frage<\/strong>: <strong>Wie lange dauert die Reparatur?<\/strong><\/span><br \/><span style=\"color: #000000;\"><span style=\"color: #333399;\"> <strong>Antwort<\/strong>: <\/span>Wir sind keine Reparaturwerkstatt, sondern wir geben Hilfe zur Selbsthilfe. Wir wollen mit euch zusammen reparieren, das macht uns Spa\u00df und ihr lernt dabei.<\/span><\/p>\r\n\r\n\r\n<hr class=\"wp-block-separator has-alpha-channel-opacity\" \/>\r\n\r\n\r\n<p><strong><span style=\"color: #333399;\">Frage: Kann ich meine F\u00e4higkeiten aktiv beim Repair Caf\u00e9 einbringen?<\/span><\/strong><br \/><span style=\"color: #000000;\"><span style=\"color: #333399;\"> <strong>Antwort<\/strong>: <\/span>Na klar! Fachleute sind bei uns gesucht, davon k\u00f6nnen wir nicht genug haben. Das Repair Caf\u00e9 kann unterst\u00fctzt werden durch Auf\/Abbau helfen, Reparieren, Kaffee und Kuchen mitbringen und verteilen, Leseecke bereichern, Sponsoren suchen, Sponsor sein und vieles mehr.<\/span><\/p>\r\n\r\n\r\n<hr class=\"wp-block-separator has-alpha-channel-opacity\" \/>\r\n\r\n\r\n<p><span style=\"color: #000000;\"><span style=\"color: #333399;\"><strong>Hast Du noch eine Frage?<\/strong><\/span> Bitte stelle sie unten im Kommentar, wir werden sie so schnell wie m\u00f6glich beantworten\u2026<\/span><\/p>\r\n","protected":false},"excerpt":{"rendered":"<p>Frage: Wer organisiert das Repair Caf\u00e9 Gauting?Antwort: Das Repair Caf\u00e9 Gauting wird vom Umweltzentrum \u00d6ko &amp; Fair in Gauting ehrenamtlich organisiert. Das Repair Caf\u00e9 ist kein Verein, sondern ein lockerer Zusammenschluss von Menschen, die Spa\u00df am Reparieren haben und sich gegen die Wegwerfgesellschaft stellen. Nachhaltiger Konsum und die Vermeidung von Abfall sind oberstes Ziel. Das Repair Caf\u00e9 Gauting versteht sich <a class=\"more-link\" href=\"https:\/\/www.repair-cafe-gauting.de\/?page_id=87\">mehr lesen&#8230;<\/a><\/p>\n","protected":false},"author":1,"featured_media":0,"parent":0,"menu_order":0,"comment_status":"open","ping_status":"open","template":"","meta":{"footnotes":""},"class_list":["post-87","page","type-page","status-publish","hentry"],"blog_post_layout_featured_media_urls":{"thumbnail":"","full":""},"categories_names":null,"comments_number":"20","_links":{"self":[{"href":"https:\/\/www.repair-cafe-gauting.de\/index.php?rest_route=\/wp\/v2\/pages\/87","targetHints":{"allow":["GET"]}}],"collection":[{"href":"https:\/\/www.repair-cafe-gauting.de\/index.php?rest_route=\/wp\/v2\/pages"}],"about":[{"href":"https:\/\/www.repair-cafe-gauting.de\/index.php?rest_route=\/wp\/v2\/types\/page"}],"author":[{"embeddable":true,"href":"https:\/\/www.repair-cafe-gauting.de\/index.php?rest_route=\/wp\/v2\/users\/1"}],"replies":[{"embeddable":true,"href":"https:\/\/www.repair-cafe-gauting.de\/index.php?rest_route=%2Fwp%2Fv2%2Fcomments&post=87"}],"version-history":[{"count":12,"href":"https:\/\/www.repair-cafe-gauting.de\/index.php?rest_route=\/wp\/v2\/pages\/87\/revisions"}],"predecessor-version":[{"id":1689,"href":"https:\/\/www.repair-cafe-gauting.de\/index.php?rest_route=\/wp\/v2\/pages\/87\/revisions\/1689"}],"wp:attachment":[{"href":"https:\/\/www.repair-cafe-gauting.de\/index.php?rest_route=%2Fwp%2Fv2%2Fmedia&parent=87"}],"curies":[{"name":"wp","href":"https:\/\/api.w.org\/{rel}","templated":true}]}}